{"id":3245,"date":"2021-06-17T13:14:07","date_gmt":"2021-06-17T11:14:07","guid":{"rendered":"https:\/\/burgberum.herrfraufirma.de\/over-ons\/"},"modified":"2021-06-17T15:05:06","modified_gmt":"2021-06-17T13:05:06","slug":"over-ons","status":"publish","type":"page","link":"https:\/\/burgberum.herrfraufirma.de\/nl\/over-ons\/","title":{"rendered":"over ons"},"content":{"rendered":"\t<div id=\"gap-509953989\" class=\"gap-element clearfix\" style=\"display:block; height:auto;\">\n\t\t\n<style>\n#gap-509953989 {\n  padding-top: 20px;\n}\n<\/style>\n\t<\/div>\n\t\n\n\t<section class=\"section\" id=\"section_321539925\">\n\t\t<div class=\"section-bg fill\" >\n\t\t\t\t\t\t\t\t\t\n\t\t\t\n\n\t\t<\/div>\n\n\t\t\n\n\t\t<div class=\"section-content relative\">\n\t\t\t\n<div class=\"slider-wrapper relative\" id=\"slider-1418654862\" >\n    <div class=\"slider slider-nav-circle slider-nav-large slider-nav-light slider-style-normal\"\n        data-flickity-options='{\n            \"cellAlign\": \"center\",\n            \"imagesLoaded\": true,\n            \"lazyLoad\": 1,\n            \"freeScroll\": false,\n            \"wrapAround\": true,\n            \"autoPlay\": false,\n            \"pauseAutoPlayOnHover\" : false,\n            \"prevNextButtons\": false,\n            \"contain\" : true,\n            \"adaptiveHeight\" : true,\n            \"dragThreshold\" : 10,\n            \"percentPosition\": true,\n            \"pageDots\": false,\n            \"rightToLeft\": false,\n            \"draggable\": true,\n            \"selectedAttraction\": 0.1,\n            \"parallax\" : 0,\n            \"friction\": 0.6        }'\n        >\n        \n\t<div class=\"img has-hover image_opener x md-x lg-x y md-y lg-y\" id=\"image_564297691\">\n\t\t\t\t\t\t\t\t<div class=\"img-inner dark\" >\n\t\t\t<img loading=\"lazy\" decoding=\"async\" width=\"1050\" height=\"400\" src=\"https:\/\/burgberum.herrfraufirma.de\/wp-content\/uploads\/2021\/06\/Gaestehaus-Burg-Berum-Hage-Aurich-Zimmer-Vermietung-Hochzeit-Heiraten-Feiern-Freude-Planung-Wedding-Oppeln-ueber-uns-e1624269720790.jpg\" class=\"attachment-original size-original\" alt=\"G\u00e4stehaus-Burg-Berum-Hage-Aurich-Zimmer-Vermietung-Hochzeit-Heiraten-Feiern-Freude-Planung-Wedding-Oppeln-ueber-uns\" srcset=\"https:\/\/burgberum.herrfraufirma.de\/wp-content\/uploads\/2021\/06\/Gaestehaus-Burg-Berum-Hage-Aurich-Zimmer-Vermietung-Hochzeit-Heiraten-Feiern-Freude-Planung-Wedding-Oppeln-ueber-uns-e1624269720790.jpg 1050w, https:\/\/burgberum.herrfraufirma.de\/wp-content\/uploads\/2021\/06\/Gaestehaus-Burg-Berum-Hage-Aurich-Zimmer-Vermietung-Hochzeit-Heiraten-Feiern-Freude-Planung-Wedding-Oppeln-ueber-uns-e1624269720790-510x194.jpg 510w\" sizes=\"auto, (max-width: 1050px) 100vw, 1050px\" \/>\t\t\t\t\t\t\n\t\t\t\t\t<\/div>\n\t\t\t\t\t\t\t\t\n<style>\n#image_564297691 {\n  width: 100%;\n}\n<\/style>\n\t<\/div>\n\t\n     <\/div>\n\n     <div class=\"loading-spin dark large centered\"><\/div>\n\n\t<\/div>\n\n\n\t\t<\/div>\n\n\t\t\n<style>\n#section_321539925 {\n  padding-top: 0px;\n  padding-bottom: 0px;\n}\n<\/style>\n\t<\/section>\n\t\n\t<div id=\"gap-1581244655\" class=\"gap-element clearfix\" style=\"display:block; height:auto;\">\n\t\t\n<style>\n#gap-1581244655 {\n  padding-top: 70px;\n}\n<\/style>\n\t<\/div>\n\t\n\n\t<section class=\"section\" id=\"section_2110460259\">\n\t\t<div class=\"section-bg fill\" >\n\t\t\t\t\t\t\t\t\t\n\t\t\t\n\n\t\t<\/div>\n\n\t\t\n\n\t\t<div class=\"section-content relative\">\n\t\t\t\n<div class=\"container section-title-container\" style=\"margin-top:0px;margin-bottom:15px;\"><h1 class=\"section-title section-title-center\"><b aria-hidden=\"true\"><\/b><span class=\"section-title-main\" style=\"font-size:130%;\">over ons<\/span><b aria-hidden=\"true\"><\/b><\/h1><\/div>\n<div class=\"row align-center\"  id=\"row-1397861195\">\n\n\t<div id=\"col-696026268\" class=\"col medium-10 small-12 large-10\"  >\n\t\t\t\t<div class=\"col-inner text-center\"  >\n\t\t\t\n\t\t\t\n\t<div id=\"text-8193066\" class=\"text\">\n\t\t\n<div class=\"\"><\/div>\n<div class=\"\">Berum Castle is sinds 1970 in priv\u00e9bezit van onze familie. Beginnend met slechts \u00e9\u00e9n kamer die voorlopig als logeerkamer was ingericht, werd het pension in kasteel Berum door onze ouders en schoonouders Margit en Hans-Heinrich von Oppeln met veel toewijding en oog voor detail opgezet en ge\u00ebxploiteerd. De verdere ontwikkeling van het kasteel is sinds 2019 in onze handen en stelt ons elke dag voor nieuwe uitdagingen.<br class=\"\"><br class=\"\">Wij &#8211; Annika en Tido von Oppeln &#8211; geloven in kwaliteit, maatschappelijke verantwoordelijkheid en omdat zoveel mondiale vraagstukken onze tijd bepalen, vertrouwen we op lokale partners en leveranciers.<br class=\"\"><br class=\"\">We willen ecologisch, duurzaam en maatschappelijk verantwoord te werk gaan &#8211; we laten bijvoorbeeld onze was strijken en verminken door gehandicaptenhulp in Tidofeld. We gebruiken voornamelijk streekproducten en ondersteunen de boeren in onze regio.<\/div>\n\t\t\n<style>\n#text-8193066 {\n  text-align: left;\n}\n<\/style>\n\t<\/div>\n\t\n\t\t<\/div>\n\t\t\t\t\t<\/div>\n\n\t\n<\/div>\n\t\t<\/div>\n\n\t\t\n<style>\n#section_2110460259 {\n  padding-top: 0px;\n  padding-bottom: 0px;\n}\n<\/style>\n\t<\/section>\n\t\n\t<div id=\"gap-1672737558\" class=\"gap-element clearfix\" style=\"display:block; height:auto;\">\n\t\t\n<style>\n#gap-1672737558 {\n  padding-top: 40px;\n}\n<\/style>\n\t<\/div>\n\t\n\n\t<section class=\"section\" id=\"section_184701653\">\n\t\t<div class=\"section-bg fill\" >\n\t\t\t\t\t\t\t\t\t\n\t\t\t\n\n\t\t<\/div>\n\n\t\t\n\n\t\t<div class=\"section-content relative\">\n\t\t\t\n<div class=\"container section-title-container\" ><h1 class=\"section-title section-title-center\"><b aria-hidden=\"true\"><\/b><span class=\"section-title-main\" style=\"font-size:130%;\">Een kasteel met een goed humeur!<\/span><b aria-hidden=\"true\"><\/b><\/h1><\/div>\n<div class=\"row align-center\"  id=\"row-1102342295\">\n\n\t<div id=\"col-1441202684\" class=\"col medium-10 small-12 large-10\"  >\n\t\t\t\t<div class=\"col-inner\"  >\n\t\t\t\n\t\t\t\n\t<div id=\"text-3562393505\" class=\"text\">\n\t\t\n<p><span style=\"font-size: 100%\">Op vakantie gaan, trouwen, vieren, genieten van de tuin&#8230; dit alles zou niet mogelijk zijn zonder ieder teamlid. <\/span><br class=\"\"><br class=\"\"><span style=\"font-size: 100%\">We worden actief ondersteund bij alle uitdagingen die moeten worden aangegaan.<\/span><br class=\"\"><br class=\"\"><span style=\"font-size: 100%\">Ina M\u00fcller<span style=\"color: #999999\"> &#8211; Huishoudster<\/span><\/span><br class=\"\"><br class=\"\"><span style=\"font-size: 100%\">Angelika Reents<span style=\"color: #999999\"> &#8211; Schoonmaak, ontbijt en champagne recepties<\/span><\/span><br class=\"\"><br class=\"\"><span style=\"font-size: 100%\">J\u00fcrgen Langer<span style=\"color: #999999\"> &#8211; Onderhoud kasteel en park<\/span><\/span><br class=\"\"><br class=\"\"><span style=\"font-size: 100%\">We kijken uit naar je bezoek!<\/span><\/p>\n\t\t\n<style>\n#text-3562393505 {\n  text-align: left;\n}\n<\/style>\n\t<\/div>\n\t\n\t\t<\/div>\n\t\t\t\t\t<\/div>\n\n\t\n<\/div>\n\t\t<\/div>\n\n\t\t\n<style>\n#section_184701653 {\n  padding-top: 0px;\n  padding-bottom: 0px;\n}\n<\/style>\n\t<\/section>\n\t\n","protected":false},"excerpt":{"rendered":"","protected":false},"author":1,"featured_media":3022,"parent":0,"menu_order":5,"comment_status":"closed","ping_status":"closed","template":"","meta":{"_seopress_robots_primary_cat":"","_seopress_titles_title":"","_seopress_titles_desc":"","_seopress_robots_index":"","footnotes":""},"class_list":["post-3245","page","type-page","status-publish","has-post-thumbnail","hentry"],"_links":{"self":[{"href":"https:\/\/burgberum.herrfraufirma.de\/nl\/wp-json\/wp\/v2\/pages\/3245","targetHints":{"allow":["GET"]}}],"collection":[{"href":"https:\/\/burgberum.herrfraufirma.de\/nl\/wp-json\/wp\/v2\/pages"}],"about":[{"href":"https:\/\/burgberum.herrfraufirma.de\/nl\/wp-json\/wp\/v2\/types\/page"}],"author":[{"embeddable":true,"href":"https:\/\/burgberum.herrfraufirma.de\/nl\/wp-json\/wp\/v2\/users\/1"}],"replies":[{"embeddable":true,"href":"https:\/\/burgberum.herrfraufirma.de\/nl\/wp-json\/wp\/v2\/comments?post=3245"}],"version-history":[{"count":36,"href":"https:\/\/burgberum.herrfraufirma.de\/nl\/wp-json\/wp\/v2\/pages\/3245\/revisions"}],"predecessor-version":[{"id":3305,"href":"https:\/\/burgberum.herrfraufirma.de\/nl\/wp-json\/wp\/v2\/pages\/3245\/revisions\/3305"}],"wp:featuredmedia":[{"embeddable":true,"href":"https:\/\/burgberum.herrfraufirma.de\/nl\/wp-json\/wp\/v2\/media\/3022"}],"wp:attachment":[{"href":"https:\/\/burgberum.herrfraufirma.de\/nl\/wp-json\/wp\/v2\/media?parent=3245"}],"curies":[{"name":"wp","href":"https:\/\/api.w.org\/{rel}","templated":true}]}}